{"id":10858,"date":"2021-06-19T19:21:11","date_gmt":"2021-06-19T17:21:11","guid":{"rendered":"https:\/\/iamip.com\/anmeldung\/"},"modified":"2026-04-13T11:29:53","modified_gmt":"2026-04-13T09:29:53","slug":"anmeldung","status":"publish","type":"page","link":"https:\/\/iamip.com\/de\/anmeldung\/","title":{"rendered":"Anmeldung"},"content":{"rendered":"<div class=\"wpb-content-wrapper\"><p>[vc_row full_width=&#8221;stretch_row&#8221; kd_background_image_position=&#8221;vc_row-bg-position-top&#8221; el_class=&#8221;zindex with-gradient&#8221; css=&#8221;.vc_custom_1619111615129{padding-top: 60px !important;padding-bottom: 40px !important;}&#8221;][vc_column]<div class=\"webinar-registration-header\"><h3 style=\"margin-bottom: 10px;\">AI Claim Comparer in Action: Entdecken Sie unser neuestes Feature<\/h3><div id=\"date-time-duration-details\"><span class=\"masterTooltip\" title=\"Donnerstag\"><i class=\"far fa-calendar-alt\" aria-hidden=\"true\"><\/i><span class=\"webinar-date\">7 May, 2026<\/span><span style=\"display:none;\" class=\"webinar-date-format\">j M, Y<\/span><\/span><span class=\"masterTooltip\" title=\"GMT 1\"><i class=\"far fa-clock\" aria-hidden=\"true\"><\/i><span class=\"webinar-time\">10:00am CEST<\/span><span id=\"webinars-moment\" style=\"display:none;\">2026-05-07T08:00:00Z<\/span><span style=\"display:none;\" id=\"webinar-time-format\">g:ia T<\/span><\/span><span><i class=\"fas fa-hourglass-half\" aria-hidden=\"true\"><\/i>30 Minuten<br><\/span><\/div><em>Der Vergleich von Patentanspr\u00fcchen aus verschiedenen Patentver\u00f6ffentlichungen geh\u00f6rt zu den zeitaufwendigsten und detailintensivsten Aufgaben in der Patentarbeit. In diesem Webinar stellen wir unser neuestes KI-gest\u00fctztes Feature vor, das den 1:1-Vergleich von Anspr\u00fcchen schneller, klarer und besser skalierbar macht. <br \/>\n<br \/>\nNehmen Sie an einer Live-Session mit Viktor Rudolf, CPO, teil, in der er zeigt, wie der AI Claim Comparer Sie dabei unterst\u00fctzt, Patentanspr\u00fcche nebeneinander zu vergleichen, \u00c4nderungen des Schutzumfangs vom Anmeldestadium bis zum erteilten Patent zu erkennen und Unterschiede zwischen Jurisdiktionen zu verstehen \u2013 und das alles in wenigen Sekunden. <br \/>\n<br \/>\nIn diesem Webinar erfahren Sie: <br \/>\n\u2022 Sehen Sie den neuen AI Claim Comparer in einer Live-Demo <br \/>\n\u2022 Entdecken Sie, wie er manuellen Aufwand reduziert und Zeit spart <br \/>\n\u2022 Erfahren Sie, wie er eine fundiertere Anspruchsanalyse unterst\u00fctzt <br \/>\n\u2022 Erhalten Sie praktische Tipps zur Integration von KI in Ihre Patent-Workflows <br \/>\n<br \/>\nOb Sie im IP- oder R&D-Bereich t\u00e4tig sind \u2013 diese Session bietet Ihnen einen ersten Einblick, wie der AI Claim Comparer die Anspruchsanalyse ver\u00e4ndert. <\/em><br><\/div><form id=\"webinar-registration-form\" class=\"webinar-registration-form\"><table class=\"webinar-registration\"><colgroup>\n                    <col class=\"small-column\">\n                    <col class=\"large-column\">\n                <\/colgroup><tr><td><label class=\"gotowebinar-required\" for=\"firstName\">First Name<\/label><\/td><td><input class=\"gotowebinar-field iamip-input\" id=\"firstName\" name=\"firstName\" type=\"text\" maxlength=\"128\" oninvalid=\"this.setCustomValidity('Please fill in this field.')\" oninput=\"setCustomValidity('')\" required><\/td><\/tr><tr><td><label class=\"gotowebinar-required\" for=\"lastName\">Last Name<\/label><\/td><td><input class=\"gotowebinar-field iamip-input\" id=\"lastName\" name=\"lastName\" type=\"text\" maxlength=\"128\" oninvalid=\"this.setCustomValidity('Please fill in this field.')\" oninput=\"setCustomValidity('')\" required><\/td><\/tr><tr><td><label class=\"gotowebinar-required\" for=\"email\">Email<\/label><\/td><td><input class=\"gotowebinar-field iamip-input\" id=\"email\" name=\"email\" type=\"email\" maxlength=\"128\" oninvalid=\"this.setCustomValidity('Please fill in this field.')\" oninput=\"setCustomValidity('')\" required><\/td><\/tr><tr style=\"display:none;\"><td><input name=\"gotowebinar_registration_webinar_key\" id=\"gotowebinar_registration_webinar_key\" type=\"text\" value=\"7673530587694882911\"><\/td><\/tr><tr style=\"display:none;\"><td><input name=\"gotowebinar_registration_webinar_title\" id=\"gotowebinar_registration_webinar_title\" type=\"text\" value=\"AI Claim Comparer in Action: Entdecken Sie unser neuestes Feature\"><\/td><\/tr><tr style=\"display:none;\"><td><input name=\"gotowebinar_registration_webinar_time\" id=\"gotowebinar_registration_webinar_time\" type=\"text\" value=\"10:00am CEST\"><\/td><\/tr><tr style=\"display:none;\"><td><input name=\"gotowebinar_registration_webinar_date\" id=\"gotowebinar_registration_webinar_date\" type=\"text\" value=\"7 May, 2026\"><\/td><\/tr><tr style=\"display:none;\"><td><input name=\"gotowebinar_registration_url\" id=\"gotowebinar_registration_url\" type=\"text\" value=\"https:\/\/attendee.gotowebinar.com\/register\/7673530587694882911\"><\/td><\/tr><tr style=\"display:none;\"><td><\/td><td><input name=\"gotowebinar_mailchimp_default_list\" id=\"gotowebinar_mailchimp_default_list\" type=\"text\" value=\"\"><\/td><\/tr><tr style=\"display:none;\"><td><\/td><td><input name=\"gotowebinar_constantcontact_default_list\" id=\"gotowebinar_constantcontact_default_list\" type=\"text\" value=\"\"><\/td><\/tr><tr style=\"display:none;\"><td><\/td><td><input name=\"gotowebinar_activecampaign_default_list\" id=\"gotowebinar_activecampaign_default_list\" type=\"text\" value=\"\"><\/td><\/tr><tr style=\"display:none;\"><td><\/td><td><input name=\"gotowebinar_campaignmonitor_default_list\" id=\"gotowebinar_campaignmonitor_default_list\" type=\"text\" value=\"\"><\/td><\/tr><tr style=\"display:none;\"><td><\/td><td><input name=\"gotowebinar_aweber_default_list\" id=\"gotowebinar_aweber_default_list\" type=\"text\" value=\"\"><\/td><\/tr><tr style=\"display:none;\"><td><input name=\"gotowebinar_translate_successMessage\" id=\"gotowebinar_translate_successMessage\" type=\"text\" value=\"\"><\/td><\/tr><tr style=\"display:none;\"><td><input name=\"gotowebinar_translate_alreadyRegisteredMessage\" id=\"gotowebinar_translate_alreadyRegisteredMessage\" type=\"text\" value=\"\"><\/td><\/tr><tr style=\"display:none;\"><td><input name=\"gotowebinar_translate_attendeeLimitMessage\" id=\"gotowebinar_translate_attendeeLimitMessage\" type=\"text\" value=\"\"><\/td><\/tr><tr style=\"display:none;\"><td><input name=\"gotowebinar_translate_errorMessage\" id=\"gotowebinar_translate_errorMessage\" type=\"text\" value=\"\"><\/td><\/tr><tr style=\"display:none;\"><td><input name=\"gotowebinar_custom_thankyou_page\" id=\"gotowebinar_custom_thankyou_page\" type=\"text\" value=\"\"><\/td><\/tr><tr><td><\/td><td><input id=\"gotowebinar_registration_submit\" class=\"gotowebinar_registration_submit iamip-submit\" value=\"Submit\" type=\"submit\"><i class=\"fas fa-spinner\" aria-hidden=\"true\"><\/i><\/td><\/tr><\/table><\/form>[\/vc_column][\/vc_row][vc_row kd_background_image_position=&#8221;vc_row-bg-position-top&#8221;][vc_column][vc_column_text][\/vc_column_text][\/vc_column][\/vc_row]<\/p>\n<\/div>","protected":false},"excerpt":{"rendered":"<p>[vc_row full_width=&#8221;stretch_row&#8221; kd_background_image_position=&#8221;vc_row-bg-position-top&#8221; el_class=&#8221;zindex with-gradient&#8221; css=&#8221;.vc_custom_1619111615129{padding-top: 60px !important;padding-bottom: 40px !important;}&#8221;][vc_column][\/vc_column][\/vc_row][vc_row kd_background_image_position=&#8221;vc_row-bg-position-top&#8221;][vc_column][vc_column_text][\/vc_column_text][\/vc_column][\/vc_row]<\/p>\n","protected":false},"author":1,"featured_media":12697,"parent":0,"menu_order":0,"comment_status":"closed","ping_status":"closed","template":"","meta":{"_acf_changed":false,"inline_featured_image":false,"footnotes":""},"class_list":["post-10858","page","type-page","status-publish","has-post-thumbnail","hentry"],"acf":[],"yoast_head":"<!-- This site is optimized with the Yoast SEO plugin v27.4 - https:\/\/yoast.com\/product\/yoast-seo-wordpress\/ -->\n<title>Anmeldung - IamIP<\/title>\n<meta name=\"description\" content=\"Registrieren Sie sich f\u00fcr unsere Webinare und verpassen Sie nicht die einmalige Gelegenheit, mehr \u00fcber unsere Patentplattform und die Welt der Innovation zu erfahren.\" \/>\n<meta name=\"robots\" content=\"index, follow, max-snippet:-1, max-image-preview:large, max-video-preview:-1\" \/>\n<link rel=\"canonical\" href=\"https:\/\/iamip.com\/de\/anmeldung\/\" \/>\n<meta property=\"og:locale\" content=\"de_DE\" \/>\n<meta property=\"og:type\" content=\"article\" \/>\n<meta property=\"og:title\" content=\"Anmeldung - IamIP\" \/>\n<meta property=\"og:description\" content=\"Registrieren Sie sich f\u00fcr unsere Webinare und verpassen Sie nicht die einmalige Gelegenheit, mehr \u00fcber unsere Patentplattform und die Welt der Innovation zu erfahren.\" \/>\n<meta property=\"og:url\" content=\"https:\/\/iamip.com\/de\/anmeldung\/\" \/>\n<meta property=\"og:site_name\" content=\"IamIP\" \/>\n<meta property=\"article:publisher\" content=\"https:\/\/www.facebook.com\/MagicbyIAMIP\/\" \/>\n<meta property=\"article:modified_time\" content=\"2026-04-13T09:29:53+00:00\" \/>\n<meta property=\"og:image\" content=\"https:\/\/iamip.com\/wp-content\/uploads\/2022\/11\/Blog-Banner-2-1024x576.png\" \/>\n\t<meta property=\"og:image:width\" content=\"1024\" \/>\n\t<meta property=\"og:image:height\" content=\"576\" \/>\n\t<meta property=\"og:image:type\" content=\"image\/png\" \/>\n<meta name=\"twitter:card\" content=\"summary_large_image\" \/>\n<meta name=\"twitter:site\" content=\"@magicbyiamip\" \/>\n<meta name=\"twitter:label1\" content=\"Gesch\u00e4tzte Lesezeit\" \/>\n\t<meta name=\"twitter:data1\" content=\"1\u00a0Minute\" \/>\n<script type=\"application\/ld+json\" class=\"yoast-schema-graph\">{\"@context\":\"https:\\\/\\\/schema.org\",\"@graph\":[{\"@type\":\"WebPage\",\"@id\":\"https:\\\/\\\/iamip.com\\\/de\\\/anmeldung\\\/\",\"url\":\"https:\\\/\\\/iamip.com\\\/de\\\/anmeldung\\\/\",\"name\":\"Anmeldung - IamIP\",\"isPartOf\":{\"@id\":\"https:\\\/\\\/iamip.com\\\/de\\\/#website\"},\"primaryImageOfPage\":{\"@id\":\"https:\\\/\\\/iamip.com\\\/de\\\/anmeldung\\\/#primaryimage\"},\"image\":{\"@id\":\"https:\\\/\\\/iamip.com\\\/de\\\/anmeldung\\\/#primaryimage\"},\"thumbnailUrl\":\"https:\\\/\\\/iamip.com\\\/wp-content\\\/uploads\\\/2022\\\/11\\\/Blog-Banner-2.png\",\"datePublished\":\"2021-06-19T17:21:11+00:00\",\"dateModified\":\"2026-04-13T09:29:53+00:00\",\"description\":\"Registrieren Sie sich f\u00fcr unsere Webinare und verpassen Sie nicht die einmalige Gelegenheit, mehr \u00fcber unsere Patentplattform und die Welt der Innovation zu erfahren.\",\"breadcrumb\":{\"@id\":\"https:\\\/\\\/iamip.com\\\/de\\\/anmeldung\\\/#breadcrumb\"},\"inLanguage\":\"de\",\"potentialAction\":[{\"@type\":\"ReadAction\",\"target\":[\"https:\\\/\\\/iamip.com\\\/de\\\/anmeldung\\\/\"]}]},{\"@type\":\"ImageObject\",\"inLanguage\":\"de\",\"@id\":\"https:\\\/\\\/iamip.com\\\/de\\\/anmeldung\\\/#primaryimage\",\"url\":\"https:\\\/\\\/iamip.com\\\/wp-content\\\/uploads\\\/2022\\\/11\\\/Blog-Banner-2.png\",\"contentUrl\":\"https:\\\/\\\/iamip.com\\\/wp-content\\\/uploads\\\/2022\\\/11\\\/Blog-Banner-2.png\",\"width\":2240,\"height\":1260},{\"@type\":\"BreadcrumbList\",\"@id\":\"https:\\\/\\\/iamip.com\\\/de\\\/anmeldung\\\/#breadcrumb\",\"itemListElement\":[{\"@type\":\"ListItem\",\"position\":1,\"name\":\"Home\",\"item\":\"https:\\\/\\\/iamip.com\\\/de\\\/\"},{\"@type\":\"ListItem\",\"position\":2,\"name\":\"Anmeldung\"}]},{\"@type\":\"WebSite\",\"@id\":\"https:\\\/\\\/iamip.com\\\/de\\\/#website\",\"url\":\"https:\\\/\\\/iamip.com\\\/de\\\/\",\"name\":\"IamIP\",\"description\":\"Patent search and patent management tool.\",\"publisher\":{\"@id\":\"https:\\\/\\\/iamip.com\\\/de\\\/#organization\"},\"potentialAction\":[{\"@type\":\"SearchAction\",\"target\":{\"@type\":\"EntryPoint\",\"urlTemplate\":\"https:\\\/\\\/iamip.com\\\/de\\\/?s={search_term_string}\"},\"query-input\":{\"@type\":\"PropertyValueSpecification\",\"valueRequired\":true,\"valueName\":\"search_term_string\"}}],\"inLanguage\":\"de\"},{\"@type\":\"Organization\",\"@id\":\"https:\\\/\\\/iamip.com\\\/de\\\/#organization\",\"name\":\"IamIP\",\"url\":\"https:\\\/\\\/iamip.com\\\/de\\\/\",\"logo\":{\"@type\":\"ImageObject\",\"inLanguage\":\"de\",\"@id\":\"https:\\\/\\\/iamip.com\\\/de\\\/#\\\/schema\\\/logo\\\/image\\\/\",\"url\":\"https:\\\/\\\/iamip.com\\\/wp-content\\\/uploads\\\/2021\\\/03\\\/Logo-I-AM-IP.png\",\"contentUrl\":\"https:\\\/\\\/iamip.com\\\/wp-content\\\/uploads\\\/2021\\\/03\\\/Logo-I-AM-IP.png\",\"width\":984,\"height\":405,\"caption\":\"IamIP\"},\"image\":{\"@id\":\"https:\\\/\\\/iamip.com\\\/de\\\/#\\\/schema\\\/logo\\\/image\\\/\"},\"sameAs\":[\"https:\\\/\\\/www.facebook.com\\\/MagicbyIAMIP\\\/\",\"https:\\\/\\\/x.com\\\/magicbyiamip\",\"https:\\\/\\\/www.linkedin.com\\\/company\\\/iamip-sverige-ab\\\/\"]}]}<\/script>\n<!-- \/ Yoast SEO plugin. -->","yoast_head_json":{"title":"Anmeldung - IamIP","description":"Registrieren Sie sich f\u00fcr unsere Webinare und verpassen Sie nicht die einmalige Gelegenheit, mehr \u00fcber unsere Patentplattform und die Welt der Innovation zu erfahren.","robots":{"index":"index","follow":"follow","max-snippet":"max-snippet:-1","max-image-preview":"max-image-preview:large","max-video-preview":"max-video-preview:-1"},"canonical":"https:\/\/iamip.com\/de\/anmeldung\/","og_locale":"de_DE","og_type":"article","og_title":"Anmeldung - IamIP","og_description":"Registrieren Sie sich f\u00fcr unsere Webinare und verpassen Sie nicht die einmalige Gelegenheit, mehr \u00fcber unsere Patentplattform und die Welt der Innovation zu erfahren.","og_url":"https:\/\/iamip.com\/de\/anmeldung\/","og_site_name":"IamIP","article_publisher":"https:\/\/www.facebook.com\/MagicbyIAMIP\/","article_modified_time":"2026-04-13T09:29:53+00:00","og_image":[{"width":1024,"height":576,"url":"https:\/\/iamip.com\/wp-content\/uploads\/2022\/11\/Blog-Banner-2-1024x576.png","type":"image\/png"}],"twitter_card":"summary_large_image","twitter_site":"@magicbyiamip","twitter_misc":{"Gesch\u00e4tzte Lesezeit":"1\u00a0Minute"},"schema":{"@context":"https:\/\/schema.org","@graph":[{"@type":"WebPage","@id":"https:\/\/iamip.com\/de\/anmeldung\/","url":"https:\/\/iamip.com\/de\/anmeldung\/","name":"Anmeldung - IamIP","isPartOf":{"@id":"https:\/\/iamip.com\/de\/#website"},"primaryImageOfPage":{"@id":"https:\/\/iamip.com\/de\/anmeldung\/#primaryimage"},"image":{"@id":"https:\/\/iamip.com\/de\/anmeldung\/#primaryimage"},"thumbnailUrl":"https:\/\/iamip.com\/wp-content\/uploads\/2022\/11\/Blog-Banner-2.png","datePublished":"2021-06-19T17:21:11+00:00","dateModified":"2026-04-13T09:29:53+00:00","description":"Registrieren Sie sich f\u00fcr unsere Webinare und verpassen Sie nicht die einmalige Gelegenheit, mehr \u00fcber unsere Patentplattform und die Welt der Innovation zu erfahren.","breadcrumb":{"@id":"https:\/\/iamip.com\/de\/anmeldung\/#breadcrumb"},"inLanguage":"de","potentialAction":[{"@type":"ReadAction","target":["https:\/\/iamip.com\/de\/anmeldung\/"]}]},{"@type":"ImageObject","inLanguage":"de","@id":"https:\/\/iamip.com\/de\/anmeldung\/#primaryimage","url":"https:\/\/iamip.com\/wp-content\/uploads\/2022\/11\/Blog-Banner-2.png","contentUrl":"https:\/\/iamip.com\/wp-content\/uploads\/2022\/11\/Blog-Banner-2.png","width":2240,"height":1260},{"@type":"BreadcrumbList","@id":"https:\/\/iamip.com\/de\/anmeldung\/#breadcrumb","itemListElement":[{"@type":"ListItem","position":1,"name":"Home","item":"https:\/\/iamip.com\/de\/"},{"@type":"ListItem","position":2,"name":"Anmeldung"}]},{"@type":"WebSite","@id":"https:\/\/iamip.com\/de\/#website","url":"https:\/\/iamip.com\/de\/","name":"IamIP","description":"Patent search and patent management tool.","publisher":{"@id":"https:\/\/iamip.com\/de\/#organization"},"potentialAction":[{"@type":"SearchAction","target":{"@type":"EntryPoint","urlTemplate":"https:\/\/iamip.com\/de\/?s={search_term_string}"},"query-input":{"@type":"PropertyValueSpecification","valueRequired":true,"valueName":"search_term_string"}}],"inLanguage":"de"},{"@type":"Organization","@id":"https:\/\/iamip.com\/de\/#organization","name":"IamIP","url":"https:\/\/iamip.com\/de\/","logo":{"@type":"ImageObject","inLanguage":"de","@id":"https:\/\/iamip.com\/de\/#\/schema\/logo\/image\/","url":"https:\/\/iamip.com\/wp-content\/uploads\/2021\/03\/Logo-I-AM-IP.png","contentUrl":"https:\/\/iamip.com\/wp-content\/uploads\/2021\/03\/Logo-I-AM-IP.png","width":984,"height":405,"caption":"IamIP"},"image":{"@id":"https:\/\/iamip.com\/de\/#\/schema\/logo\/image\/"},"sameAs":["https:\/\/www.facebook.com\/MagicbyIAMIP\/","https:\/\/x.com\/magicbyiamip","https:\/\/www.linkedin.com\/company\/iamip-sverige-ab\/"]}]}},"new_scheduled_revision":null,"save_as_revision":null,"_links":{"self":[{"href":"https:\/\/iamip.com\/de\/wp-json\/wp\/v2\/pages\/10858","targetHints":{"allow":["GET"]}}],"collection":[{"href":"https:\/\/iamip.com\/de\/wp-json\/wp\/v2\/pages"}],"about":[{"href":"https:\/\/iamip.com\/de\/wp-json\/wp\/v2\/types\/page"}],"author":[{"embeddable":true,"href":"https:\/\/iamip.com\/de\/wp-json\/wp\/v2\/users\/1"}],"replies":[{"embeddable":true,"href":"https:\/\/iamip.com\/de\/wp-json\/wp\/v2\/comments?post=10858"}],"version-history":[{"count":30,"href":"https:\/\/iamip.com\/de\/wp-json\/wp\/v2\/pages\/10858\/revisions"}],"predecessor-version":[{"id":21908,"href":"https:\/\/iamip.com\/de\/wp-json\/wp\/v2\/pages\/10858\/revisions\/21908"}],"wp:featuredmedia":[{"embeddable":true,"href":"https:\/\/iamip.com\/de\/wp-json\/wp\/v2\/media\/12697"}],"wp:attachment":[{"href":"https:\/\/iamip.com\/de\/wp-json\/wp\/v2\/media?parent=10858"}],"curies":[{"name":"wp","href":"https:\/\/api.w.org\/{rel}","templated":true}]}}