{"id":12797,"date":"2022-11-24T11:50:35","date_gmt":"2022-11-24T10:50:35","guid":{"rendered":"https:\/\/iamip.com\/webinare-2\/"},"modified":"2026-04-14T08:19:49","modified_gmt":"2026-04-14T06:19:49","slug":"webinare","status":"publish","type":"page","link":"https:\/\/iamip.com\/de\/webinare\/","title":{"rendered":"Webinare"},"content":{"rendered":"<div class=\"wpb-content-wrapper\"><p>[vc_row full_width=&#8221;stretch_row&#8221; parallax=&#8221;content-moving&#8221; parallax_speed_bg=&#8221;1.4&#8243; kd_background_image_position=&#8221;vc_row-bg-position-top&#8221; css_tablet_portrait=&#8221;.vc_custom_1711103520641{margin-top: 0px !important;}&#8221; css_mobile=&#8221;.vc_custom_1711103520642{margin-top: 0px !important;}&#8221; css=&#8221;.vc_custom_1711103520641{background-image: url(https:\/\/iamip.com\/wp-content\/uploads\/2024\/02\/Screenshot-2024-02-20-162208.png?id=16382) !important;}&#8221;][vc_column css=&#8221;.vc_custom_1597665991208{padding-right: 0px !important;padding-left: 0px !important;}&#8221;][vc_row_inner full_width=&#8221;inner_row_contained&#8221; kd_background_image_position=&#8221;vc_row-bg-position-top&#8221; kd_fixed_background=&#8221;true&#8221; css=&#8221;.vc_custom_1727690462775{padding-top: 70px !important;}&#8221; css_tablet_portrait=&#8221;.vc_custom_1727690462775{margin-right: 0px !important;margin-left: 0px !important;padding-top: 100px !important;padding-bottom: 50px !important;border-radius: 0px !important;}&#8221; css_mobile=&#8221;.vc_custom_1727690462775{margin-right: 0px !important;margin-left: 0px !important;padding-top: 100px !important;padding-bottom: 50px !important;border-radius: 0px !important;}&#8221; css_tablet_landscape=&#8221;.vc_custom_1727690462775{margin-right: 0px !important;margin-left: 0px !important;padding-top: 200px !important;border-radius: 0px !important;}&#8221; el_class=&#8221;intro-section&#8221;][vc_column_inner width=&#8221;1\/2&#8243; css_tablet_portrait=&#8221;.vc_custom_1727690585042{padding-left: 30px !important;}&#8221; css_mobile=&#8221;.vc_custom_1727690585042{padding-right: 15px !important;padding-left: 15px !important;}&#8221; css=&#8221;.vc_custom_1727690585042{padding-top: 90px !important;}&#8221;]<header class=\"kd-section-title col-lg-12 text-left  subtitle-below-title kd-animated fadeIn   vc_custom_1727690540611\" data-animation-delay=200><h1 class=\"separator_off\" style=\"color: #ffffff;font-size: 72px;line-height: 72px;margin-bottom:30px;\">Webinare<\/h1><h6 class=\"subtitle\" style=\"color: #ffffff;font-size:20px;\">Nehmen Sie an einem unserer Webinare teil und bleiben Sie auf dem Laufenden \u00fcber unsere neuesten Funktionen und Neuigkeiten im Bereich geistiges Eigentum.<\/h6><\/header>[\/vc_column_inner][vc_column_inner width=&#8221;1\/2&#8243; css=&#8221;.vc_custom_1727690424146{padding-top: 50px !important;padding-bottom: 50px !important;}&#8221;][vc_single_image image=&#8221;18250&#8243; img_size=&#8221;large&#8221; alignment=&#8221;center&#8221;][\/vc_column_inner][\/vc_row_inner][vc_wp_text][yoast_breadcrumb][\/vc_wp_text][\/vc_column][\/vc_row][vc_row kd_background_image_position=&#8221;vc_row-bg-position-top&#8221; css=&#8221;.vc_custom_1669124696227{padding-top: 45px !important;}&#8221;][vc_column]<header class=\"kd-section-title col-lg-12 text-center  subtitle-below-title   \" ><h2 class=\"separator_off\" >Kommende Webinare<\/h2><\/header>[\/vc_column][\/vc_row][vc_row kd_background_image_position=&#8221;vc_row-bg-position-top&#8221;][vc_column width=&#8221;1\/2&#8243; css=&#8221;.vc_custom_1669129225357{padding-top: 30px !important;}&#8221;][vc_single_image image=&#8221;21919&#8243; img_size=&#8221;large&#8221; css=&#8221;&#8221;][\/vc_column][vc_column width=&#8221;1\/2&#8243; css=&#8221;.vc_custom_1669210345768{padding-top: 30px !important;}&#8221;][vc_column_text css=&#8221;&#8221;]<\/p>\n<h3>AI Claim Comparer in Action: Entdecken Sie unser neuestes Feature<\/h3>\n<p>Der Vergleich von Patentanspr\u00fcchen aus verschiedenen Patentver\u00f6ffentlichungen geh\u00f6rt zu den zeitaufwendigsten und detailintensivsten Aufgaben in der Patentarbeit. In diesem Webinar stellen wir unser neuestes KI-gest\u00fctztes Feature vor, das den 1:1-Vergleich von Anspr\u00fcchen schneller, klarer und besser skalierbar macht.<\/p>\n<p>Nehmen Sie an einer Live-Session mit Viktor Rudolf, CPO, teil, in der er zeigt, wie der AI Claim Comparer Sie dabei unterst\u00fctzt, Patentanspr\u00fcche nebeneinander zu vergleichen, \u00c4nderungen des Schutzumfangs vom Anmeldestadium bis zum erteilten Patent zu erkennen und Unterschiede zwischen Jurisdiktionen zu verstehen \u2013 und das alles in wenigen Sekunden.<\/p>\n<p><b>In\u00a0diesem\u00a0Webinar\u00a0erfahren\u00a0Sie:<\/b><\/p>\n<ul>\n<li>Sehen Sie den neuen AI Claim Comparer in einer Live-Demo<\/li>\n<li>Entdecken Sie, wie er manuellen Aufwand reduziert und Zeit spart<\/li>\n<li>Erfahren Sie, wie er eine fundiertere Anspruchsanalyse unterst\u00fctzt<\/li>\n<li>Erhalten\u00a0Sie\u00a0praktische\u00a0Tipps zur Integration von KI in\u00a0Ihre\u00a0Patent-Workflows<\/li>\n<\/ul>\n<p>Ob Sie im IP- oder R&amp;D-Bereich t\u00e4tig sind \u2013 diese Session bietet Ihnen einen ersten Einblick, wie der AI Claim Comparer die Anspruchsanalyse ver\u00e4ndert.[\/vc_column_text]<a  href=\"https:\/\/iamip.com\/de\/anmeldung\/?webinarKey=7673530587694882911\"  target=\"_self\"  title=\"\"  class=\"tt_button tt_primary_button btn_primary_color  button-center button-action-link\" ><span class=\"prim_text\">Hier registrieren<\/span><\/a>[\/vc_column][\/vc_row][vc_row full_width=&#8221;stretch_row&#8221; kd_background_image_position=&#8221;vc_row-bg-position-top&#8221; css=&#8221;.vc_custom_1541417547006{padding-top: 100px !important;}&#8221;][vc_column css=&#8221;.vc_custom_1515677064675{padding-right: 0px !important;padding-left: 0px !important;}&#8221;][vc_row_inner kd_background_image_position=&#8221;vc_row-bg-position-top&#8221;][vc_column_inner]<header class=\"kd-section-title vc_col-lg-6 vc_col-sm-8 text-center  subtitle-below-title kd-animated fadeIn   vc_custom_1680786753071\" data-animation-delay=200><h2 class=\"separator_off\" >Fr\u00fchere Webinare<\/h2><h6 class=\"subtitle\" >Hier k\u00f6nnen Sie sich unsere Vorschau-Webinare ansehen:<\/h6><\/header>[\/vc_column_inner][\/vc_row_inner][vc_row_inner kd_background_image_position=&#8221;vc_row-bg-position-top&#8221; css=&#8221;.vc_custom_1541417551563{padding-bottom: 100px !important;}&#8221;][vc_column_inner][vc_basic_grid post_type=&#8221;post&#8221; max_items=&#8221;50&#8243; style=&#8221;load-more&#8221; items_per_page=&#8221;3&#8243; gap=&#8221;20&#8243; item=&#8221;4339&#8243; btn_style=&#8221;modern&#8221; btn_color=&#8221;default&#8221; btn_size=&#8221;xs&#8221; grid_id=&#8221;vc_gid:1776147151375-b5c71b79-6d51-4&#8243; taxonomies=&#8221;117&#8243;][\/vc_column_inner][\/vc_row_inner][\/vc_column][\/vc_row]<\/p>\n<\/div>","protected":false},"excerpt":{"rendered":"<p>[vc_row full_width=&#8221;stretch_row&#8221; parallax=&#8221;content-moving&#8221; parallax_speed_bg=&#8221;1.4&#8243; kd_background_image_position=&#8221;vc_row-bg-position-top&#8221; css_tablet_portrait=&#8221;.vc_custom_1711103520641{margin-top: 0px !important;}&#8221; css_mobile=&#8221;.vc_custom_1711103520642{margin-top: 0px !important;}&#8221; css=&#8221;.vc_custom_1711103520641{background-image: url(https:\/\/iamip.com\/wp-content\/uploads\/2024\/02\/Screenshot-2024-02-20-162208.png?id=16382) !important;}&#8221;][vc_column css=&#8221;.vc_custom_1597665991208{padding-right: 0px !important;padding-left: 0px !important;}&#8221;][vc_row_inner full_width=&#8221;inner_row_contained&#8221; [&hellip;]<\/p>\n","protected":false},"author":4,"featured_media":12697,"parent":0,"menu_order":0,"comment_status":"closed","ping_status":"closed","template":"","meta":{"_acf_changed":false,"inline_featured_image":false,"footnotes":""},"class_list":["post-12797","page","type-page","status-publish","has-post-thumbnail","hentry"],"acf":[],"yoast_head":"<!-- This site is optimized with the Yoast SEO plugin v27.4 - https:\/\/yoast.com\/product\/yoast-seo-wordpress\/ -->\n<title>Webinare - IamIP<\/title>\n<meta name=\"description\" content=\"Nehmen Sie an einem unserer Webinare teil und bleiben Sie auf dem Laufenden \u00fcber unsere neuesten Funktionen und Neuigkeiten im Bereich geistiges Eigentum.\" \/>\n<meta name=\"robots\" content=\"index, follow, max-snippet:-1, max-image-preview:large, max-video-preview:-1\" \/>\n<link rel=\"canonical\" href=\"https:\/\/iamip.com\/de\/webinare\/\" \/>\n<meta property=\"og:locale\" content=\"de_DE\" \/>\n<meta property=\"og:type\" content=\"article\" \/>\n<meta property=\"og:title\" content=\"Webinare - IamIP\" \/>\n<meta property=\"og:description\" content=\"Nehmen Sie an einem unserer Webinare teil und bleiben Sie auf dem Laufenden \u00fcber unsere neuesten Funktionen und Neuigkeiten im Bereich geistiges Eigentum.\" \/>\n<meta property=\"og:url\" content=\"https:\/\/iamip.com\/de\/webinare\/\" \/>\n<meta property=\"og:site_name\" content=\"IamIP\" \/>\n<meta property=\"article:publisher\" content=\"https:\/\/www.facebook.com\/MagicbyIAMIP\/\" \/>\n<meta property=\"article:modified_time\" content=\"2026-04-14T06:19:49+00:00\" \/>\n<meta property=\"og:image\" content=\"https:\/\/iamip.com\/wp-content\/uploads\/2022\/11\/Blog-Banner-2-1024x576.png\" \/>\n\t<meta property=\"og:image:width\" content=\"1024\" \/>\n\t<meta property=\"og:image:height\" content=\"576\" \/>\n\t<meta property=\"og:image:type\" content=\"image\/png\" \/>\n<meta name=\"twitter:card\" content=\"summary_large_image\" \/>\n<meta name=\"twitter:site\" content=\"@magicbyiamip\" \/>\n<meta name=\"twitter:label1\" content=\"Gesch\u00e4tzte Lesezeit\" \/>\n\t<meta name=\"twitter:data1\" content=\"2\u00a0Minuten\" \/>\n<script type=\"application\/ld+json\" class=\"yoast-schema-graph\">{\"@context\":\"https:\\\/\\\/schema.org\",\"@graph\":[{\"@type\":\"WebPage\",\"@id\":\"https:\\\/\\\/iamip.com\\\/de\\\/webinare\\\/\",\"url\":\"https:\\\/\\\/iamip.com\\\/de\\\/webinare\\\/\",\"name\":\"Webinare - IamIP\",\"isPartOf\":{\"@id\":\"https:\\\/\\\/iamip.com\\\/de\\\/#website\"},\"primaryImageOfPage\":{\"@id\":\"https:\\\/\\\/iamip.com\\\/de\\\/webinare\\\/#primaryimage\"},\"image\":{\"@id\":\"https:\\\/\\\/iamip.com\\\/de\\\/webinare\\\/#primaryimage\"},\"thumbnailUrl\":\"https:\\\/\\\/iamip.com\\\/wp-content\\\/uploads\\\/2022\\\/11\\\/Blog-Banner-2.png\",\"datePublished\":\"2022-11-24T10:50:35+00:00\",\"dateModified\":\"2026-04-14T06:19:49+00:00\",\"description\":\"Nehmen Sie an einem unserer Webinare teil und bleiben Sie auf dem Laufenden \u00fcber unsere neuesten Funktionen und Neuigkeiten im Bereich geistiges Eigentum.\",\"breadcrumb\":{\"@id\":\"https:\\\/\\\/iamip.com\\\/de\\\/webinare\\\/#breadcrumb\"},\"inLanguage\":\"de\",\"potentialAction\":[{\"@type\":\"ReadAction\",\"target\":[\"https:\\\/\\\/iamip.com\\\/de\\\/webinare\\\/\"]}]},{\"@type\":\"ImageObject\",\"inLanguage\":\"de\",\"@id\":\"https:\\\/\\\/iamip.com\\\/de\\\/webinare\\\/#primaryimage\",\"url\":\"https:\\\/\\\/iamip.com\\\/wp-content\\\/uploads\\\/2022\\\/11\\\/Blog-Banner-2.png\",\"contentUrl\":\"https:\\\/\\\/iamip.com\\\/wp-content\\\/uploads\\\/2022\\\/11\\\/Blog-Banner-2.png\",\"width\":2240,\"height\":1260},{\"@type\":\"BreadcrumbList\",\"@id\":\"https:\\\/\\\/iamip.com\\\/de\\\/webinare\\\/#breadcrumb\",\"itemListElement\":[{\"@type\":\"ListItem\",\"position\":1,\"name\":\"Home\",\"item\":\"https:\\\/\\\/iamip.com\\\/de\\\/\"},{\"@type\":\"ListItem\",\"position\":2,\"name\":\"Webinare\"}]},{\"@type\":\"WebSite\",\"@id\":\"https:\\\/\\\/iamip.com\\\/de\\\/#website\",\"url\":\"https:\\\/\\\/iamip.com\\\/de\\\/\",\"name\":\"IamIP\",\"description\":\"Patent search and patent management tool.\",\"publisher\":{\"@id\":\"https:\\\/\\\/iamip.com\\\/de\\\/#organization\"},\"potentialAction\":[{\"@type\":\"SearchAction\",\"target\":{\"@type\":\"EntryPoint\",\"urlTemplate\":\"https:\\\/\\\/iamip.com\\\/de\\\/?s={search_term_string}\"},\"query-input\":{\"@type\":\"PropertyValueSpecification\",\"valueRequired\":true,\"valueName\":\"search_term_string\"}}],\"inLanguage\":\"de\"},{\"@type\":\"Organization\",\"@id\":\"https:\\\/\\\/iamip.com\\\/de\\\/#organization\",\"name\":\"IamIP\",\"url\":\"https:\\\/\\\/iamip.com\\\/de\\\/\",\"logo\":{\"@type\":\"ImageObject\",\"inLanguage\":\"de\",\"@id\":\"https:\\\/\\\/iamip.com\\\/de\\\/#\\\/schema\\\/logo\\\/image\\\/\",\"url\":\"https:\\\/\\\/iamip.com\\\/wp-content\\\/uploads\\\/2021\\\/03\\\/Logo-I-AM-IP.png\",\"contentUrl\":\"https:\\\/\\\/iamip.com\\\/wp-content\\\/uploads\\\/2021\\\/03\\\/Logo-I-AM-IP.png\",\"width\":984,\"height\":405,\"caption\":\"IamIP\"},\"image\":{\"@id\":\"https:\\\/\\\/iamip.com\\\/de\\\/#\\\/schema\\\/logo\\\/image\\\/\"},\"sameAs\":[\"https:\\\/\\\/www.facebook.com\\\/MagicbyIAMIP\\\/\",\"https:\\\/\\\/x.com\\\/magicbyiamip\",\"https:\\\/\\\/www.linkedin.com\\\/company\\\/iamip-sverige-ab\\\/\"]}]}<\/script>\n<!-- \/ Yoast SEO plugin. -->","yoast_head_json":{"title":"Webinare - IamIP","description":"Nehmen Sie an einem unserer Webinare teil und bleiben Sie auf dem Laufenden \u00fcber unsere neuesten Funktionen und Neuigkeiten im Bereich geistiges Eigentum.","robots":{"index":"index","follow":"follow","max-snippet":"max-snippet:-1","max-image-preview":"max-image-preview:large","max-video-preview":"max-video-preview:-1"},"canonical":"https:\/\/iamip.com\/de\/webinare\/","og_locale":"de_DE","og_type":"article","og_title":"Webinare - IamIP","og_description":"Nehmen Sie an einem unserer Webinare teil und bleiben Sie auf dem Laufenden \u00fcber unsere neuesten Funktionen und Neuigkeiten im Bereich geistiges Eigentum.","og_url":"https:\/\/iamip.com\/de\/webinare\/","og_site_name":"IamIP","article_publisher":"https:\/\/www.facebook.com\/MagicbyIAMIP\/","article_modified_time":"2026-04-14T06:19:49+00:00","og_image":[{"width":1024,"height":576,"url":"https:\/\/iamip.com\/wp-content\/uploads\/2022\/11\/Blog-Banner-2-1024x576.png","type":"image\/png"}],"twitter_card":"summary_large_image","twitter_site":"@magicbyiamip","twitter_misc":{"Gesch\u00e4tzte Lesezeit":"2\u00a0Minuten"},"schema":{"@context":"https:\/\/schema.org","@graph":[{"@type":"WebPage","@id":"https:\/\/iamip.com\/de\/webinare\/","url":"https:\/\/iamip.com\/de\/webinare\/","name":"Webinare - IamIP","isPartOf":{"@id":"https:\/\/iamip.com\/de\/#website"},"primaryImageOfPage":{"@id":"https:\/\/iamip.com\/de\/webinare\/#primaryimage"},"image":{"@id":"https:\/\/iamip.com\/de\/webinare\/#primaryimage"},"thumbnailUrl":"https:\/\/iamip.com\/wp-content\/uploads\/2022\/11\/Blog-Banner-2.png","datePublished":"2022-11-24T10:50:35+00:00","dateModified":"2026-04-14T06:19:49+00:00","description":"Nehmen Sie an einem unserer Webinare teil und bleiben Sie auf dem Laufenden \u00fcber unsere neuesten Funktionen und Neuigkeiten im Bereich geistiges Eigentum.","breadcrumb":{"@id":"https:\/\/iamip.com\/de\/webinare\/#breadcrumb"},"inLanguage":"de","potentialAction":[{"@type":"ReadAction","target":["https:\/\/iamip.com\/de\/webinare\/"]}]},{"@type":"ImageObject","inLanguage":"de","@id":"https:\/\/iamip.com\/de\/webinare\/#primaryimage","url":"https:\/\/iamip.com\/wp-content\/uploads\/2022\/11\/Blog-Banner-2.png","contentUrl":"https:\/\/iamip.com\/wp-content\/uploads\/2022\/11\/Blog-Banner-2.png","width":2240,"height":1260},{"@type":"BreadcrumbList","@id":"https:\/\/iamip.com\/de\/webinare\/#breadcrumb","itemListElement":[{"@type":"ListItem","position":1,"name":"Home","item":"https:\/\/iamip.com\/de\/"},{"@type":"ListItem","position":2,"name":"Webinare"}]},{"@type":"WebSite","@id":"https:\/\/iamip.com\/de\/#website","url":"https:\/\/iamip.com\/de\/","name":"IamIP","description":"Patent search and patent management tool.","publisher":{"@id":"https:\/\/iamip.com\/de\/#organization"},"potentialAction":[{"@type":"SearchAction","target":{"@type":"EntryPoint","urlTemplate":"https:\/\/iamip.com\/de\/?s={search_term_string}"},"query-input":{"@type":"PropertyValueSpecification","valueRequired":true,"valueName":"search_term_string"}}],"inLanguage":"de"},{"@type":"Organization","@id":"https:\/\/iamip.com\/de\/#organization","name":"IamIP","url":"https:\/\/iamip.com\/de\/","logo":{"@type":"ImageObject","inLanguage":"de","@id":"https:\/\/iamip.com\/de\/#\/schema\/logo\/image\/","url":"https:\/\/iamip.com\/wp-content\/uploads\/2021\/03\/Logo-I-AM-IP.png","contentUrl":"https:\/\/iamip.com\/wp-content\/uploads\/2021\/03\/Logo-I-AM-IP.png","width":984,"height":405,"caption":"IamIP"},"image":{"@id":"https:\/\/iamip.com\/de\/#\/schema\/logo\/image\/"},"sameAs":["https:\/\/www.facebook.com\/MagicbyIAMIP\/","https:\/\/x.com\/magicbyiamip","https:\/\/www.linkedin.com\/company\/iamip-sverige-ab\/"]}]}},"new_scheduled_revision":null,"save_as_revision":null,"_links":{"self":[{"href":"https:\/\/iamip.com\/de\/wp-json\/wp\/v2\/pages\/12797","targetHints":{"allow":["GET"]}}],"collection":[{"href":"https:\/\/iamip.com\/de\/wp-json\/wp\/v2\/pages"}],"about":[{"href":"https:\/\/iamip.com\/de\/wp-json\/wp\/v2\/types\/page"}],"author":[{"embeddable":true,"href":"https:\/\/iamip.com\/de\/wp-json\/wp\/v2\/users\/4"}],"replies":[{"embeddable":true,"href":"https:\/\/iamip.com\/de\/wp-json\/wp\/v2\/comments?post=12797"}],"version-history":[{"count":92,"href":"https:\/\/iamip.com\/de\/wp-json\/wp\/v2\/pages\/12797\/revisions"}],"predecessor-version":[{"id":21920,"href":"https:\/\/iamip.com\/de\/wp-json\/wp\/v2\/pages\/12797\/revisions\/21920"}],"wp:featuredmedia":[{"embeddable":true,"href":"https:\/\/iamip.com\/de\/wp-json\/wp\/v2\/media\/12697"}],"wp:attachment":[{"href":"https:\/\/iamip.com\/de\/wp-json\/wp\/v2\/media?parent=12797"}],"curies":[{"name":"wp","href":"https:\/\/api.w.org\/{rel}","templated":true}]}}