{"id":15684,"date":"2023-12-05T09:05:06","date_gmt":"2023-12-05T08:05:06","guid":{"rendered":"https:\/\/iamip.com\/trumpf-case-study-download\/"},"modified":"2026-02-26T09:58:29","modified_gmt":"2026-02-26T08:58:29","slug":"trumpf-case-study-download","status":"publish","type":"page","link":"https:\/\/iamip.com\/de\/trumpf-case-study-download\/","title":{"rendered":"TRUMPF Case Study-Download"},"content":{"rendered":"<div class=\"wpb-content-wrapper\"><p>[vc_row full_width=&#8221;stretch_row&#8221; parallax=&#8221;content-moving&#8221; parallax_speed_bg=&#8221;1.3&#8243; kd_background_image_position=&#8221;vc_row-bg-position-top&#8221; kd_bottom_separator_style=&#8221;static-waves&#8221; kd_bottom_separator_height=&#8221;separator-height-large&#8221; kd_bottom_separator=&#8221;true&#8221; kd_bottom_separator_flip_y=&#8221;true&#8221; css=&#8221;.vc_custom_1711102968671{padding-top: 100px !important;padding-bottom: 400px !important;background-image: url(https:\/\/iamip.com\/wp-content\/uploads\/2024\/02\/Screenshot-2024-02-20-162208.png?id=16382) !important;background-position: center;background-repeat: no-repeat !important;background-size: cover !important;}&#8221; el_class=&#8221;zindex0&#8243;][vc_column width=&#8221;2\/3&#8243; css=&#8221;.vc_custom_1515677064675{padding-right: 0px !important;padding-left: 0px !important;}&#8221;]<header class=\"kd-section-title col-lg-12 text-left  subtitle-below-title kd-animated fadeIn   vc_custom_1772096146662\" data-animation-delay=200><h1 class=\"separator_off\" style=\"color: #268cf2;font-size: 18px;\">Kostenlose Fallstudie mit TRUMPF<\/h1><\/header><header class=\"kd-section-title col-lg-12 text-left  subtitle-below-title kd-animated fadeIn   vc_custom_1772096157528\" data-animation-delay=200><h2 class=\"separator_off\" style=\"color: #ffffff;font-size: 60px;line-height: 70px;margin-bottom:40px;\">Die Zukunft der Workflow-Digitalisierung<\/h2><p class=\"subtitle\" style=\"color: #ffffff;font-size:20px;\">TRUMPFs digitale Transformation im Patentmanagement<\/p><\/header>[\/vc_column][vc_column width=&#8221;1\/3&#8243;][\/vc_column][\/vc_row][vc_row kd_background_image_position=&#8221;vc_row-bg-position-top&#8221; el_class=&#8221;zindex&#8221; css=&#8221;.vc_custom_1602688740788{margin-top: -400px !important;margin-bottom: 100px !important;}&#8221;][vc_column][vc_row_inner kd_background_image_position=&#8221;vc_row-bg-position-top&#8221; css=&#8221;.vc_custom_1602688940368{background-color: #ffffff !important;border-radius: 10px !important;}&#8221; el_class=&#8221;with-grey-shadow overflow-hidden&#8221;][vc_column_inner css=&#8221;.vc_custom_1600777249346{padding-top: 50px !important;padding-right: 90px !important;padding-bottom: 23px !important;padding-left: 90px !important;}&#8221; offset=&#8221;vc_col-lg-offset-0 vc_col-lg-6 vc_col-md-offset-0 vc_col-md-12 vc_col-sm-offset-0&#8243; css_tablet_portrait=&#8221;.vc_custom_1600777249347{padding-right: 30px !important;padding-left: 30px !important;}&#8221; css_mobile=&#8221;.vc_custom_1600777249348{padding-right: 30px !important;padding-left: 30px !important;}&#8221;]<header class=\"kd-section-title col-lg-12 text-center  subtitle-below-title kd-animated fadeIn   vc_custom_1772096169405\" data-animation-delay=200><h3 class=\"separator_off\" >Laden Sie die Fallstudie jetzt herunter!<\/h3><p class=\"subtitle\" >Entdecken Sie, wie TRUMPF sein Patentmanagement transformiert hat<\/p><\/header><div class=\"kd-contact-form full-width-cf white-input-bg cf-with-border   kd-animated fadeIn\" data-animation-delay=200>\n<div class=\"wpcf7 no-js\" id=\"wpcf7-f15683-o1\" lang=\"en-US\" dir=\"ltr\" data-wpcf7-id=\"15683\">\n<div class=\"screen-reader-response\"><p role=\"status\" aria-live=\"polite\" aria-atomic=\"true\"><\/p> <ul><\/ul><\/div>\n<form action=\"\/de\/wp-json\/wp\/v2\/pages\/15684#wpcf7-f15683-o1\" method=\"post\" class=\"wpcf7-form init\" aria-label=\"Contact form\" novalidate=\"novalidate\" data-status=\"init\">\n<fieldset class=\"hidden-fields-container\"><input type=\"hidden\" name=\"_wpcf7\" value=\"15683\" \/><input type=\"hidden\" name=\"_wpcf7_version\" value=\"6.1.5\" \/><input type=\"hidden\" name=\"_wpcf7_locale\" value=\"en_US\" \/><input type=\"hidden\" name=\"_wpcf7_unit_tag\" value=\"wpcf7-f15683-o1\" \/><input type=\"hidden\" name=\"_wpcf7_container_post\" value=\"0\" \/><input type=\"hidden\" name=\"_wpcf7_posted_data_hash\" value=\"\" \/>\n<\/fieldset>\n<p><span class=\"wpcf7-form-control-wrap\" data-name=\"your-fname\"><input size=\"40\" maxlength=\"400\" class=\"wpcf7-form-control wpcf7-text wpcf7-validates-as-required\" aria-required=\"true\" aria-invalid=\"false\" placeholder=\"Vorname\" value=\"\" type=\"text\" name=\"your-fname\" \/><\/span><br \/>\n<span class=\"wpcf7-form-control-wrap\" data-name=\"your-lname\"><input size=\"40\" maxlength=\"400\" class=\"wpcf7-form-control wpcf7-text wpcf7-validates-as-required\" aria-required=\"true\" aria-invalid=\"false\" placeholder=\"Nachname\" value=\"\" type=\"text\" name=\"your-lname\" \/><\/span><br \/>\n<span class=\"wpcf7-form-control-wrap\" data-name=\"your-cname\"><input size=\"40\" maxlength=\"400\" class=\"wpcf7-form-control wpcf7-text wpcf7-validates-as-required\" aria-required=\"true\" aria-invalid=\"false\" placeholder=\"Name des Unternehmens\" value=\"\" type=\"text\" name=\"your-cname\" \/><\/span><br \/>\n<span class=\"wpcf7-form-control-wrap\" data-name=\"your-email\"><input size=\"40\" maxlength=\"400\" class=\"wpcf7-form-control wpcf7-email wpcf7-validates-as-required wpcf7-text wpcf7-validates-as-email\" id=\"email-8644\" aria-required=\"true\" aria-invalid=\"false\" placeholder=\"Gesch\u00e4ftliche E-Mail\" value=\"\" type=\"email\" name=\"your-email\" \/><\/span><br \/>\n<span class=\"wpcf7-form-control-wrap\" data-name=\"your-phone\"><input size=\"40\" maxlength=\"16\" minlength=\"5\" class=\"wpcf7-form-control wpcf7-phonetext wpcf7-validates-as-required wpcf7-text wpcf7-validates-as-phonetext\" data-numberonly=\"true\" aria-required=\"true\" aria-invalid=\"false\" placeholder=\"Phone\" value=\"\" type=\"text\" name=\"your-phone\" \/><input type=\"hidden\" name=\"your-phone-country-code\" class=\"wpcf7-phonetext-country-code\" \/><input type=\"hidden\" name=\"your-phone-country-name\" class=\"wpcf7-phonetext-country-name\" \/><\/span><br \/>\n<span class=\"wpcf7-form-control-wrap\" data-name=\"acceptance-991\"><span class=\"wpcf7-form-control wpcf7-acceptance\"><span class=\"wpcf7-list-item\"><label><input type=\"checkbox\" name=\"acceptance-991\" value=\"1\" aria-invalid=\"false\" \/><span class=\"wpcf7-list-item-label\">Ich akzeptiere die <a href=\"https:\/\/iamip.com\/privacy-notice\/\" target=\"_blank\">Datenschutzbestimmungen<\/a><\/span><\/label><\/span><\/span><\/span>\n<\/p>\n<input class=\"wpcf7-form-control wpcf7-hidden\" id=\"GCLID\" value=\"\" type=\"hidden\" name=\"GCLID\" \/>\n<input class=\"wpcf7-form-control wpcf7-hidden\" id=\"utm_source\" value=\"\" type=\"hidden\" name=\"utm_source\" \/>\n<input class=\"wpcf7-form-control wpcf7-hidden\" id=\"utm_medium\" value=\"\" type=\"hidden\" name=\"utm_medium\" \/>\n<input class=\"wpcf7-form-control wpcf7-hidden\" id=\"utm_campaign\" value=\"\" type=\"hidden\" name=\"utm_campaign\" \/>\n<input class=\"wpcf7-form-control wpcf7-hidden\" id=\"utm_term\" value=\"\" type=\"hidden\" name=\"utm_term\" \/>\n<input class=\"wpcf7-form-control wpcf7-hidden\" id=\"utm_content\" value=\"\" type=\"hidden\" name=\"utm_content\" \/>\n<p><input class=\"wpcf7-form-control wpcf7-submit has-spinner\" id=\"submit-8644\" type=\"submit\" value=\"Download\" \/>\n<\/p><div class=\"wpcf7-response-output\" aria-hidden=\"true\"><\/div>\n<\/form>\n<\/div>\n<\/div>[\/vc_column_inner][vc_column_inner css=&#8221;.vc_custom_1701433975842{padding-top: 350px !important;padding-bottom: 350px !important;background-image: url(https:\/\/iamip.com\/wp-content\/uploads\/2023\/12\/Case-Study-Thumbnail-3.jpg?id=15574) !important;background-position: center !important;background-repeat: no-repeat !important;background-size: cover !important;}&#8221; offset=&#8221;vc_col-lg-6&#8243; css_mobile=&#8221;.vc_custom_1701433975845{padding-top: 100px !important;padding-bottom: 100px !important;}&#8221;][\/vc_column_inner][\/vc_row_inner][\/vc_column][\/vc_row][vc_row full_width=&#8221;stretch_row&#8221; kd_background_image_position=&#8221;vc_row-bg-position-top&#8221;][vc_column][vc_row_inner kd_background_image_position=&#8221;vc_row-bg-position-top&#8221; css=&#8221;.vc_custom_1689246910636{margin-bottom: 30px !important;padding-top: 100px !important;padding-bottom: 130px !important;}&#8221; css_tablet_portrait=&#8221;.vc_custom_1689246910636{padding-top: 100px !important;}&#8221; css_mobile=&#8221;.vc_custom_1689246910636{padding-top: 100px !important;}&#8221;][vc_column_inner css=&#8221;.vc_custom_1688130092889{padding-top: 30px !important;padding-right: 30px !important;padding-left: 0px !important;}&#8221; offset=&#8221;vc_col-lg-offset-0 vc_col-lg-6 vc_col-md-offset-0 vc_col-sm-offset-0&#8243; css_tablet_portrait=&#8221;.vc_custom_1688130092890{padding-right: 0px !important;}&#8221; css_mobile=&#8221;.vc_custom_1688130092890{padding-right: 0px !important;}&#8221;][vc_single_image image=&#8221;15579&#8243; img_size=&#8221;full&#8221; css=&#8221;.vc_custom_1701434244877{padding-bottom: 50px !important;}&#8221;][vc_single_image image=&#8221;15582&#8243; img_size=&#8221;full&#8221;]<div class=\"kd-shapes shape_dots with-parallax kd-animated zoomIn\" style=\"right: -45px;bottom: -160px;width: 340px;height: 173px;\" data-parallax-speed=\"-0.05\" data-animation-delay=400><\/div>[\/vc_column_inner][vc_column_inner css=&#8221;.vc_custom_1689246957107{margin-left: 30px !important;padding-top: 30px !important;padding-right: 50px !important;padding-left: 50px !important;}&#8221; offset=&#8221;vc_col-lg-6&#8243; css_tablet_portrait=&#8221;.vc_custom_1689246957108{padding-top: 100px !important;padding-right: 15px !important;padding-left: 15px !important;}&#8221; css_mobile=&#8221;.vc_custom_1689246957108{padding-top: 100px !important;padding-right: 15px !important;padding-left: 15px !important;}&#8221; css_tablet_landscape=&#8221;.vc_custom_1689246957108{padding-top: 100px !important;padding-right: 10px !important;padding-left: 15px !important;}&#8221;]<header class=\"kd-section-title col-lg-12 text-left  subtitle-below-title kd-animated fadeIn  \" data-animation-delay=200><h2 class=\"separator_off\" style=\"margin-bottom:30px;\">Was steht in der Fallstudie?<\/h2><p class=\"subtitle\" style=\"font-size:17px;\">TRUMPF hat es sich zur Aufgabe gemacht, die Produktionstechnik effizienter, pr\u00e4ziser und zukunftssicherer zu machen. Auf diese Weise will das Unternehmen die Fertigung und die damit verbundenen Prozesse auf ein neues Effizienzniveau heben. Erfahren Sie, wie TRUMPF von der Verwendung zweier unterschiedlicher Patentplattform-Softwarel\u00f6sungen<br \/>\nund der Verwendung umst\u00e4ndlicher PDF-Dateien f\u00fcr die Kommunikation auf die Plattform von IamIP umgestiegen ist und damit eine neue \u00c4ra des rationalisierten und digitalisierten Patentmanagements eingeleitet hat.<\/p><\/header><div class=\"key-icon-box icon-default icon-left cont-left ib-no-effect     icon-no-background icon-no-border kd-animated fadeIn\" style=\"background-color: transparent;margin-top:10;margin-bottom:20;\" data-animation-delay=200><div class=\"ib-simple-icon-wrapper\" ><i class=\"iconsmind-Target iconsmind-Seo-Icons\" style=\"font-size: 25px;font-weight: 700;\"><\/i> <\/div><h3 class=\"service-heading\" >Die Herausforderungen<\/h3><p style=\"font-size: 17px;\">Die Verwaltung von Prozessen zum Schutz des geistigen Eigentums kann f\u00fcr Unternehmen, die in ihren jeweiligen Branchen an der Spitze stehen wollen, eine gewaltige Aufgabe sein. Erfahren Sie mehr \u00fcber die Herausforderungen, mit denen TRUMPF bei der Verwaltung seiner Patente konfrontiert war und die das Unternehmen dazu veranlassten, sich f\u00fcr die Patentplattform von IamIP zu entscheiden.<\/p><\/div><div class=\"key-icon-box icon-default icon-left cont-left ib-no-effect     icon-no-background icon-no-border kd-animated fadeIn\" style=\"background-color: transparent;margin-top:20;margin-bottom:10;\" data-animation-delay=200><div class=\"ib-simple-icon-wrapper\" ><i class=\"iconsmind-Arrow-Around iconsmind-Arrow-View\" style=\"font-size: 25px;font-weight: 700;\"><\/i> <\/div><h3 class=\"service-heading\" >Funktionen und L\u00f6sungen<\/h3><p style=\"font-size: 17px;\">Erfahren Sie, welche Schl\u00fcsselfunktionen eine einzigartige Kombination aus technischen und nicht-technischen L\u00f6sungen bieten, die genau auf die Anforderungen von TRUMPF abgestimmt sind.<\/p><\/div><div class=\"key-icon-box icon-default icon-left cont-left ib-no-effect     icon-no-background icon-no-border kd-animated fadeIn\" style=\"background-color: transparent;margin-bottom:10;\" data-animation-delay=200><div class=\"ib-simple-icon-wrapper\" ><i class=\"iconsmind-Cursor-Click iconsmind-Interface\" style=\"font-size: 25px;font-weight: 700;\"><\/i> <\/div><h3 class=\"service-heading\" >Anwendungsf\u00e4lle<\/h3><p style=\"font-size: 17px;\">Finden Sie heraus, welche Erfolgsgeschichten die transformative Wirkung der Umstellung von TRUMPF auf IamIP unterstreichen.<\/p><\/div><div class=\"key-icon-box icon-default icon-left cont-left ib-no-effect     icon-no-background icon-no-border kd-animated fadeIn\" style=\"background-color: transparent;margin-bottom:10;\" data-animation-delay=200><div class=\"ib-simple-icon-wrapper\" ><i class=\"far fa-file\" style=\"font-size: 25px;\"><\/i> <\/div><h3 class=\"service-heading\" >Die Ergebnisse<\/h3><p style=\"font-size: 17px;\">Werfen Sie einen Blick auf die Ergebnisse, die TRUMPF nach dem Einsatz von IamIP erzielt hat. Diese Fallstudie zeigt die Auswirkungen auf die t\u00e4gliche Routine des Unternehmens.<\/p><\/div>[\/vc_column_inner][\/vc_row_inner][\/vc_column][\/vc_row][vc_row full_width=&#8221;stretch_row&#8221; equal_height=&#8221;yes&#8221; content_placement=&#8221;middle&#8221; kd_background_image_position=&#8221;vc_row-bg-position-top&#8221; css=&#8221;.vc_custom_1712643341278{padding-top: 80px !important;}&#8221;][vc_column css=&#8221;.vc_custom_1598525885043{padding-right: 0px !important;padding-left: 0px !important;}&#8221;]<header class=\"kd-section-title col-lg-12 text-center  subtitle-below-title   \" ><h2 class=\"separator_off\" >Anerkannte Exzellenz<\/h2><\/header>[vc_row_inner equal_height=&#8221;yes&#8221; content_placement=&#8221;middle&#8221; kd_background_image_position=&#8221;vc_row-bg-position-top&#8221; css=&#8221;.vc_custom_1712644956112{padding-top: 60px !important;padding-bottom: 60px !important;}&#8221;][vc_column_inner width=&#8221;1\/5&#8243; css=&#8221;.vc_custom_1712643174585{padding-right: 0px !important;padding-left: 0px !important;}&#8221;][\/vc_column_inner][vc_column_inner width=&#8221;1\/5&#8243;][vc_raw_html]JTNDYSUyMGhyZWYlM0QlMjJodHRwcyUzQSUyRiUyRnd3dy5nZXRhcHAuY29tJTJGbGVnYWwtbGF3LXNvZnR3YXJlJTJGYSUyRmlhbWlwLXBsYXRmb3JtJTJGcmV2aWV3cyUyRiUyMiUzRSUyMCUzQ2ltZyUyMGFsaWduJTNEJTIyY2VudGVyJTNCJTIyJTIwc3R5bGUlM0QlMjJ3aWR0aCUzQSUyMDE0MHB4JTNCJTIyJTIwYm9yZGVyJTNEJTIyMCUyMiUyMHNyYyUzRCUyMmh0dHBzJTNBJTJGJTJGd3d3LmdldGFwcC5jb20lMkZleHQlMkZyZXZpZXdzX3dpZGdldCUyRnYxJTJGZGFyayUyRmlhbWlwLXBsYXRmb3JtLWFwcGxpY2F0aW9uJTIyJTIwJTJGJTNFJTIwJTNDJTJGYSUzRQ==[\/vc_raw_html][\/vc_column_inner][vc_column_inner width=&#8221;1\/5&#8243; css=&#8221;.vc_custom_1712645589564{margin-left: 30px !important;}&#8221;][vc_raw_html]JTNDYSUyMHRpdGxlJTNEJTIySWFtSVAlMjBQbGF0Zm9ybSUyMGlzJTIwYSUyMGxlYWRlciUyMGluJTIwSW50ZWxsZWN0dWFsJTIwUHJvcGVydHklMjBNYW5hZ2VtZW50JTIwb24lMjBHMiUyMiUyMGhyZWYlM0QlMjJodHRwcyUzQSUyRiUyRnd3dy5nMi5jb20lMkZwcm9kdWN0cyUyRmlhbWlwLXBsYXRmb3JtJTJGcmV2aWV3cyUzRnV0bV9zb3VyY2UlM0RyZXdhcmRzLWJhZGdlJTIyJTNFJTNDaW1nJTIwYWxpZ24lM0QlMjJjZW50ZXIlMjIlMjBzdHlsZSUzRCUyMndpZHRoJTNBJTIwMTI1cHglM0IlMjIlMjBhbHQlM0QlMjJJYW1JUCUyMFBsYXRmb3JtJTIwaXMlMjBhJTIwbGVhZGVyJTIwaW4lMjBJbnRlbGxlY3R1YWwlMjBQcm9wZXJ0eSUyME1hbmFnZW1lbnQlMjBvbiUyMEcyJTIyJTIwc3JjJTNEJTIyaHR0cHMlM0ElMkYlMkZpbWFnZXMuZzJjcm93ZC5jb20lMkZ1cGxvYWRzJTJGcmVwb3J0X21lZGFsJTJGaW1hZ2UlMkYxMDA0ODYzJTJGbWVkYWwuc3ZnJTIyJTIwJTJGJTNFJTNDJTJGYSUzRSUzQ3NjcmlwdCUzRSUyOGZ1bmN0aW9uJTI4YSUyQ2IlMkNjJTJDZCUyOSU3QndpbmRvdy5mZXRjaCUyOCUyMmh0dHBzJTNBJTJGJTJGd3d3LmcyLmNvbSUyRnByb2R1Y3RzJTJGaWFtaXAtcGxhdGZvcm0lMkZyYXRpbmdfc2NoZW1hLmpzb24lMjIlMjkudGhlbiUyOGUlM0QlM0VlLmpzb24lMjglMjklMjkudGhlbiUyOGYlM0QlM0UlN0JjJTNEYS5jcmVhdGVFbGVtZW50JTI4YiUyOSUzQmMudHlwZSUzRCUyMmFwcGxpY2F0aW9uJTJGbGQlMkJqc29uJTIyJTNCYy50ZXh0JTNESlNPTi5zdHJpbmdpZnklMjhmJTI5JTNCZCUzRGEuZ2V0RWxlbWVudHNCeVRhZ05hbWUlMjhiJTI5JTVCMCU1RCUzQmQucGFyZW50Tm9kZS5pbnNlcnRCZWZvcmUlMjhjJTJDZCUyOSUzQiU3RCUyOSUzQiU3RCUyOSUyOGRvY3VtZW50JTJDJTIyc2NyaXB0JTIyJTI5JTNCJTNDJTJGc2NyaXB0JTNF[\/vc_raw_html][\/vc_column_inner][vc_column_inner width=&#8221;1\/5&#8243;][vc_raw_html]JTNDYSUyMGhyZWYlM0QlMjJodHRwcyUzQSUyRiUyRnd3dy5jYXB0ZXJyYS5jb20lMkZwJTJGMTc2NDU1JTJGSUFNSVAtUGxhdGZvcm0lMkZyZXZpZXdzJTNGdXRtX3NvdXJjZSUzRHZlbmRvciUyNnV0bV9tZWRpdW0lM0RiYWRnZSUyNnV0bV9jYW1wYWlnbiUzRGNhcHRlcnJhX3Jldmlld3NfYmFkZ2UlMjIlM0UlMjAlM0NpbWclMjBhbGlnbiUzRCUyMmNlbnRlciUzQiUyMiUyMHN0eWxlJTNEJTIyd2lkdGglM0ElMjAxNzVweCUzQiUyMiUyMGJvcmRlciUzRCUyMjAlMjIlMjBzcmMlM0QlMjJodHRwcyUzQSUyRiUyRmlhbWlwLmNvbSUyRndwLWNvbnRlbnQlMkZ1cGxvYWRzJTJGMjAyNCUyRjA0JTJGMDEzZjQ0YTIwMWM0YTQ4MDZjOTJkZGYxYjJkYTNmZDkuc3ZnJTIyJTJGJTNFJTIwJTNDJTJGYSUzRQ==[\/vc_raw_html][\/vc_column_inner][vc_column_inner width=&#8221;1\/5&#8243;][\/vc_column_inner][\/vc_row_inner][\/vc_column][\/vc_row]<\/p>\n<\/div>","protected":false},"excerpt":{"rendered":"<p>[vc_row full_width=&#8221;stretch_row&#8221; parallax=&#8221;content-moving&#8221; parallax_speed_bg=&#8221;1.3&#8243; kd_background_image_position=&#8221;vc_row-bg-position-top&#8221; kd_bottom_separator_style=&#8221;static-waves&#8221; kd_bottom_separator_height=&#8221;separator-height-large&#8221; kd_bottom_separator=&#8221;true&#8221; kd_bottom_separator_flip_y=&#8221;true&#8221; css=&#8221;.vc_custom_1711102968671{padding-top: 100px !important;padding-bottom: 400px !important;background-image: url(https:\/\/iamip.com\/wp-content\/uploads\/2024\/02\/Screenshot-2024-02-20-162208.png?id=16382) !important;background-position: center;background-repeat: no-repeat !important;background-size: cover [&hellip;]<\/p>\n","protected":false},"author":4,"featured_media":0,"parent":0,"menu_order":0,"comment_status":"closed","ping_status":"closed","template":"","meta":{"_acf_changed":false,"inline_featured_image":false,"footnotes":""},"class_list":["post-15684","page","type-page","status-publish","hentry"],"acf":[],"yoast_head":"<!-- This site is optimized with the Yoast SEO plugin v27.6 - https:\/\/yoast.com\/product\/yoast-seo-wordpress\/ -->\n<title>TRUMPF Case Study-Download - IamIP<\/title>\n<meta name=\"description\" content=\"Entdecken Sie die Zukunft der Digitalisierung des Patentmanagements anhand der Erfolgsgeschichte von TRUMPF mit IamIP. Laden Sie die kostenlose Fallstudie jetzt herunter!\" \/>\n<meta name=\"robots\" content=\"index, follow, max-snippet:-1, max-image-preview:large, max-video-preview:-1\" \/>\n<link rel=\"canonical\" href=\"https:\/\/iamip.com\/de\/trumpf-case-study-download\/\" \/>\n<meta property=\"og:locale\" content=\"de_DE\" \/>\n<meta property=\"og:type\" content=\"article\" \/>\n<meta property=\"og:title\" content=\"TRUMPF Case Study-Download - IamIP\" \/>\n<meta property=\"og:description\" content=\"Entdecken Sie die Zukunft der Digitalisierung des Patentmanagements anhand der Erfolgsgeschichte von TRUMPF mit IamIP. Laden Sie die kostenlose Fallstudie jetzt herunter!\" \/>\n<meta property=\"og:url\" content=\"https:\/\/iamip.com\/de\/trumpf-case-study-download\/\" \/>\n<meta property=\"og:site_name\" content=\"IamIP\" \/>\n<meta property=\"article:publisher\" content=\"https:\/\/www.facebook.com\/MagicbyIAMIP\/\" \/>\n<meta property=\"article:modified_time\" content=\"2026-02-26T08:58:29+00:00\" \/>\n<meta name=\"twitter:card\" content=\"summary_large_image\" \/>\n<meta name=\"twitter:site\" content=\"@magicbyiamip\" \/>\n<meta name=\"twitter:label1\" content=\"Gesch\u00e4tzte Lesezeit\" \/>\n\t<meta name=\"twitter:data1\" content=\"4\u00a0Minuten\" \/>\n<script type=\"application\/ld+json\" class=\"yoast-schema-graph\">{\"@context\":\"https:\\\/\\\/schema.org\",\"@graph\":[{\"@type\":\"WebPage\",\"@id\":\"https:\\\/\\\/iamip.com\\\/de\\\/trumpf-case-study-download\\\/\",\"url\":\"https:\\\/\\\/iamip.com\\\/de\\\/trumpf-case-study-download\\\/\",\"name\":\"TRUMPF Case Study-Download - IamIP\",\"isPartOf\":{\"@id\":\"https:\\\/\\\/iamip.com\\\/de\\\/#website\"},\"datePublished\":\"2023-12-05T08:05:06+00:00\",\"dateModified\":\"2026-02-26T08:58:29+00:00\",\"description\":\"Entdecken Sie die Zukunft der Digitalisierung des Patentmanagements anhand der Erfolgsgeschichte von TRUMPF mit IamIP. Laden Sie die kostenlose Fallstudie jetzt herunter!\",\"breadcrumb\":{\"@id\":\"https:\\\/\\\/iamip.com\\\/de\\\/trumpf-case-study-download\\\/#breadcrumb\"},\"inLanguage\":\"de\",\"potentialAction\":[{\"@type\":\"ReadAction\",\"target\":[\"https:\\\/\\\/iamip.com\\\/de\\\/trumpf-case-study-download\\\/\"]}]},{\"@type\":\"BreadcrumbList\",\"@id\":\"https:\\\/\\\/iamip.com\\\/de\\\/trumpf-case-study-download\\\/#breadcrumb\",\"itemListElement\":[{\"@type\":\"ListItem\",\"position\":1,\"name\":\"Home\",\"item\":\"https:\\\/\\\/iamip.com\\\/de\\\/\"},{\"@type\":\"ListItem\",\"position\":2,\"name\":\"TRUMPF Case Study-Download\"}]},{\"@type\":\"WebSite\",\"@id\":\"https:\\\/\\\/iamip.com\\\/de\\\/#website\",\"url\":\"https:\\\/\\\/iamip.com\\\/de\\\/\",\"name\":\"IamIP\",\"description\":\"Patent search and patent management tool.\",\"publisher\":{\"@id\":\"https:\\\/\\\/iamip.com\\\/de\\\/#organization\"},\"potentialAction\":[{\"@type\":\"SearchAction\",\"target\":{\"@type\":\"EntryPoint\",\"urlTemplate\":\"https:\\\/\\\/iamip.com\\\/de\\\/?s={search_term_string}\"},\"query-input\":{\"@type\":\"PropertyValueSpecification\",\"valueRequired\":true,\"valueName\":\"search_term_string\"}}],\"inLanguage\":\"de\"},{\"@type\":\"Organization\",\"@id\":\"https:\\\/\\\/iamip.com\\\/de\\\/#organization\",\"name\":\"IamIP\",\"url\":\"https:\\\/\\\/iamip.com\\\/de\\\/\",\"logo\":{\"@type\":\"ImageObject\",\"inLanguage\":\"de\",\"@id\":\"https:\\\/\\\/iamip.com\\\/de\\\/#\\\/schema\\\/logo\\\/image\\\/\",\"url\":\"https:\\\/\\\/iamip.com\\\/wp-content\\\/uploads\\\/2021\\\/03\\\/Logo-I-AM-IP.png\",\"contentUrl\":\"https:\\\/\\\/iamip.com\\\/wp-content\\\/uploads\\\/2021\\\/03\\\/Logo-I-AM-IP.png\",\"width\":984,\"height\":405,\"caption\":\"IamIP\"},\"image\":{\"@id\":\"https:\\\/\\\/iamip.com\\\/de\\\/#\\\/schema\\\/logo\\\/image\\\/\"},\"sameAs\":[\"https:\\\/\\\/www.facebook.com\\\/MagicbyIAMIP\\\/\",\"https:\\\/\\\/x.com\\\/magicbyiamip\",\"https:\\\/\\\/www.linkedin.com\\\/company\\\/iamip-sverige-ab\\\/\"]}]}<\/script>\n<!-- \/ Yoast SEO plugin. -->","yoast_head_json":{"title":"TRUMPF Case Study-Download - IamIP","description":"Entdecken Sie die Zukunft der Digitalisierung des Patentmanagements anhand der Erfolgsgeschichte von TRUMPF mit IamIP. Laden Sie die kostenlose Fallstudie jetzt herunter!","robots":{"index":"index","follow":"follow","max-snippet":"max-snippet:-1","max-image-preview":"max-image-preview:large","max-video-preview":"max-video-preview:-1"},"canonical":"https:\/\/iamip.com\/de\/trumpf-case-study-download\/","og_locale":"de_DE","og_type":"article","og_title":"TRUMPF Case Study-Download - IamIP","og_description":"Entdecken Sie die Zukunft der Digitalisierung des Patentmanagements anhand der Erfolgsgeschichte von TRUMPF mit IamIP. Laden Sie die kostenlose Fallstudie jetzt herunter!","og_url":"https:\/\/iamip.com\/de\/trumpf-case-study-download\/","og_site_name":"IamIP","article_publisher":"https:\/\/www.facebook.com\/MagicbyIAMIP\/","article_modified_time":"2026-02-26T08:58:29+00:00","twitter_card":"summary_large_image","twitter_site":"@magicbyiamip","twitter_misc":{"Gesch\u00e4tzte Lesezeit":"4\u00a0Minuten"},"schema":{"@context":"https:\/\/schema.org","@graph":[{"@type":"WebPage","@id":"https:\/\/iamip.com\/de\/trumpf-case-study-download\/","url":"https:\/\/iamip.com\/de\/trumpf-case-study-download\/","name":"TRUMPF Case Study-Download - IamIP","isPartOf":{"@id":"https:\/\/iamip.com\/de\/#website"},"datePublished":"2023-12-05T08:05:06+00:00","dateModified":"2026-02-26T08:58:29+00:00","description":"Entdecken Sie die Zukunft der Digitalisierung des Patentmanagements anhand der Erfolgsgeschichte von TRUMPF mit IamIP. Laden Sie die kostenlose Fallstudie jetzt herunter!","breadcrumb":{"@id":"https:\/\/iamip.com\/de\/trumpf-case-study-download\/#breadcrumb"},"inLanguage":"de","potentialAction":[{"@type":"ReadAction","target":["https:\/\/iamip.com\/de\/trumpf-case-study-download\/"]}]},{"@type":"BreadcrumbList","@id":"https:\/\/iamip.com\/de\/trumpf-case-study-download\/#breadcrumb","itemListElement":[{"@type":"ListItem","position":1,"name":"Home","item":"https:\/\/iamip.com\/de\/"},{"@type":"ListItem","position":2,"name":"TRUMPF Case Study-Download"}]},{"@type":"WebSite","@id":"https:\/\/iamip.com\/de\/#website","url":"https:\/\/iamip.com\/de\/","name":"IamIP","description":"Patent search and patent management tool.","publisher":{"@id":"https:\/\/iamip.com\/de\/#organization"},"potentialAction":[{"@type":"SearchAction","target":{"@type":"EntryPoint","urlTemplate":"https:\/\/iamip.com\/de\/?s={search_term_string}"},"query-input":{"@type":"PropertyValueSpecification","valueRequired":true,"valueName":"search_term_string"}}],"inLanguage":"de"},{"@type":"Organization","@id":"https:\/\/iamip.com\/de\/#organization","name":"IamIP","url":"https:\/\/iamip.com\/de\/","logo":{"@type":"ImageObject","inLanguage":"de","@id":"https:\/\/iamip.com\/de\/#\/schema\/logo\/image\/","url":"https:\/\/iamip.com\/wp-content\/uploads\/2021\/03\/Logo-I-AM-IP.png","contentUrl":"https:\/\/iamip.com\/wp-content\/uploads\/2021\/03\/Logo-I-AM-IP.png","width":984,"height":405,"caption":"IamIP"},"image":{"@id":"https:\/\/iamip.com\/de\/#\/schema\/logo\/image\/"},"sameAs":["https:\/\/www.facebook.com\/MagicbyIAMIP\/","https:\/\/x.com\/magicbyiamip","https:\/\/www.linkedin.com\/company\/iamip-sverige-ab\/"]}]}},"new_scheduled_revision":null,"save_as_revision":null,"_links":{"self":[{"href":"https:\/\/iamip.com\/de\/wp-json\/wp\/v2\/pages\/15684","targetHints":{"allow":["GET"]}}],"collection":[{"href":"https:\/\/iamip.com\/de\/wp-json\/wp\/v2\/pages"}],"about":[{"href":"https:\/\/iamip.com\/de\/wp-json\/wp\/v2\/types\/page"}],"author":[{"embeddable":true,"href":"https:\/\/iamip.com\/de\/wp-json\/wp\/v2\/users\/4"}],"replies":[{"embeddable":true,"href":"https:\/\/iamip.com\/de\/wp-json\/wp\/v2\/comments?post=15684"}],"version-history":[{"count":10,"href":"https:\/\/iamip.com\/de\/wp-json\/wp\/v2\/pages\/15684\/revisions"}],"predecessor-version":[{"id":21002,"href":"https:\/\/iamip.com\/de\/wp-json\/wp\/v2\/pages\/15684\/revisions\/21002"}],"wp:attachment":[{"href":"https:\/\/iamip.com\/de\/wp-json\/wp\/v2\/media?parent=15684"}],"curies":[{"name":"wp","href":"https:\/\/api.w.org\/{rel}","templated":true}]}}